{"id":10,"date":"2025-11-05T02:58:47","date_gmt":"2025-11-05T01:58:47","guid":{"rendered":"https:\/\/malgorzata-skotnicka.sialala.la\/?page_id=10"},"modified":"2025-11-05T19:59:43","modified_gmt":"2025-11-05T18:59:43","slug":"biografia","status":"publish","type":"page","link":"https:\/\/malgorzata-skotnicka.sialala.la\/","title":{"rendered":"Biografia"},"content":{"rendered":"\t\t<div data-elementor-type=\"wp-page\" data-elementor-id=\"10\" class=\"elementor elementor-10\">\n\t\t\t\t<div class=\"elementor-element elementor-element-2954ff31 e-flex e-con-boxed wpr-particle-no wpr-jarallax-no wpr-parallax-no wpr-sticky-section-no e-con e-parent\" data-id=\"2954ff31\" data-element_type=\"container\">\n\t\t\t\t\t<div class=\"e-con-inner\">\n\t\t<div class=\"elementor-element elementor-element-8bea6fb e-con-full e-flex wpr-particle-no wpr-jarallax-no wpr-parallax-no wpr-sticky-section-no e-con e-child\" data-id=\"8bea6fb\" data-element_type=\"container\" data-settings=\"{&quot;background_background&quot;:&quot;classic&quot;}\">\n\t\t\t\t<div class=\"elementor-element elementor-element-a3b6750 elementor-widget elementor-widget-spacer\" data-id=\"a3b6750\" data-element_type=\"widget\" data-widget_type=\"spacer.default\">\n\t\t\t\t\t\t\t<div class=\"elementor-spacer\">\n\t\t\t<div class=\"elementor-spacer-inner\"><\/div>\n\t\t<\/div>\n\t\t\t\t\t\t<\/div>\n\t\t\t\t<\/div>\n\t\t<div class=\"elementor-element elementor-element-7b7b739 e-con-full e-flex wpr-particle-no wpr-jarallax-no wpr-parallax-no wpr-sticky-section-no e-con e-child\" data-id=\"7b7b739\" data-element_type=\"container\">\n\t\t\t\t<div class=\"elementor-element elementor-element-0b59727 elementor-widget elementor-widget-text-editor\" data-id=\"0b59727\" data-element_type=\"widget\" data-widget_type=\"text-editor.default\">\n\t\t\t\t\t\t\t\t\t\n<p><strong>Ma\u0142gorzata Skotnicka<\/strong><\/p>\n\n<p>Uko\u0144czy\u0142a Akademi\u0119 Muzyczn\u0105 w Krakowie w klasie klawesynu prof. El\u017cbiety Stefa\u0144skiej. Umiej\u0119tno\u015bci swoje doskonali\u0142a, uczestnicz\u0105c w kursach mistrzowskich prowadzonych przez takich pedagog\u00f3w jak Zuzanna Ru\u017ei\u010dkowa, Hugette Dreyfus oraz Jacque Ogg.<\/p>\n\n<p>W 1995 r. m. in. z jej inicjatywy powsta\u0142a w Zespole Szk\u00f3\u0142 Muzycznych w Gda\u0144sku-Wrzeszczu klasa klawesynu, kt\u00f3r\u0105 do dzisiaj prowadzi. Uczniowie jej s\u0105 laureatami konkurs\u00f3w oraz stypendi\u00f3w Ministra Kultury i Dziedzictwa Narodowego. By\u0142a r\u00f3wnie\u017c inicjatork\u0105 powo\u0142ania Og\u00f3lnopolskiego Konkursu Klawesynowego im. W. Landowskiej dla uczni\u00f3w szk\u00f3\u0142 muzycznych I i II stopnia.<\/p>\n\n<p>Jest te\u017c profesorem zwyczajnym Akademii Muzycznej im. Stanis\u0142awa Moniuszki w Gda\u0144sku, gdzie prowadzi klas\u0119 klawesynu oraz kameralistyki. Dwie kadencj\u0119 pe\u0142ni\u0142a funkcj\u0119 prodziekana Wydzia\u0142u Instrumentalnego AM w Gda\u0144sku. Od 2014 roku jest kierownikiem Podyplomowego Studium Muzyki Dawnej, kt\u00f3re tworzy\u0142a oraz zast\u0119pc\u0105 kierownika Katedry Organ\u00f3w, Klawesynu, Akordeonu, Gitary, Harfy i Instrument\u00f3w Historycznych.<\/p>\n\n<p>Bra\u0142a udzia\u0142 w pracach jury og\u00f3lnopolskich konkurs\u00f3w i przes\u0142ucha\u0144 klawesynowych. Prowadzi kursy mistrzowskie oraz konsultacje w szko\u0142ach muzycznych oraz akademiach muzycznych w ca\u0142ej Polsce.<\/p>\n\n<p>Koncertuje jako solistka oraz kameralistka w kraju i za granic\u0105. Bra\u0142a udzia\u0142 w licznych festiwalach. Wsp\u00f3\u0142pracowa\u0142a z wybitnymi artystami m. in. z W. Kuijkenem, B. Csologiem, R. Jab\u0142o\u0144skim.<\/p>\n\n<p>W latach 1996-2010 gra\u0142a w zespole kameralnym Pro Musica Antiqua, z kt\u00f3rym m. in. nagra\u0142a pi\u0119\u0107 p\u0142yt z muzyk\u0105 epoki baroku oraz polsk\u0105 muzyk\u0105 wsp\u00f3\u0142czesn\u0105 wydanych przez firm\u0119 DUX. W 2007 r. otrzyma\u0142a nagrod\u0119 przyznawan\u0105 przez Marsza\u0142ka Wojew\u00f3dztwa Warmi\u0144sko-Mazurskiego \u201eNajlepsi z Najlepszych\u201d.<\/p>\n\n<p>W 2003 r. zosta\u0142a odznaczona przez Ministra Kultury odznak\u0105 \u201eZas\u0142u\u017cony Dzia\u0142acz Kultury\u201d, w 2014 r. Br\u0105zowym Krzy\u017cem Zas\u0142ugi, w roku 2025 Medalem Komisji Edukacji Narodowej. Jest te\u017c stypendystk\u0105 Gda\u0144skiego Stypendium Kultury Fundusz Tw\u00f3rczy na projekt Cembali spezzati czyli dialoguj\u0105ce klawesyny. Ma na swoim koncie r\u00f3wnie\u017c liczne nagrody Rektora Akademii Muzycznej w Gda\u0144sku, Dyrektora ZSM w Gda\u0144sku-Wrzeszczu oraz Dyrektora CEA.<\/p>\n\n<p>Z jej inicjatywy w 2002 r. powsta\u0142o Polskie Stowarzyszenie Przyjaci\u00f3\u0142 Muzyki Dawnej, w kt\u00f3rym dwie kadencje pe\u0142ni\u0142a funkcj\u0119 prezesa. Jako cz\u0142onek zarz\u0105du by\u0142a wsp\u00f3\u0142organizatorem dwunastu edycji Festiwalu Muzyki Dawnej ANIMA MUSICA, podczas kt\u00f3rych mo\u017cna by\u0142o us\u0142ysze\u0107 wybitnych artyst\u00f3w specjalizuj\u0105cych si\u0119 w wykonawstwie muzyki dawnej z ca\u0142ej Europy.<\/p>\n\n<p>Od 2010 r. jest wiceprezesem Fundacji Silva Rerum oraz cz\u0142onkiem zespo\u0142u Silva Rerum arte, z kt\u00f3rym koncertuje w kraju i poza granicami (Niemcy, S\u0142owenia, Czechy, S\u0142owacja, Estonia). Z zespo\u0142em Silva Rerum arte nagra\u0142a p\u0142yt\u0119 Siedem ptak\u00f3w. Dokona\u0142a te\u017c pierwszej w Polsce rejestracji Sonat na flet i klawesyn obligato J. B. Boismortier op. 91 z flecistk\u0105 Maj\u0105 Miro Wi\u015bniewsk\u0105.<\/p>\n\n<p>Jest koordynatorem sesji naukowo-artystycznej \u201eSztuka europejskiego baroku\u201d, koordynatorem sesji C. P. E. Bach \u2013 w 300. rocznic\u0119 urodzin (ukoronowaniem sesji by\u0142o wydanie przez firm\u0119 DUX p\u0142yty z symfoniami C. P. E. Bacha, J. Haydna i L. van Beethovena zrealizowane przez Orkiestr\u0119 Kameraln\u0105 AM w Gda\u0144sku pod batut\u0105 S. Kuijkena), cyklu spotka\u0144 zatytu\u0142owanych \u201eSpotkanie z mistrzem\u201d oraz cyklu \u201eTraktaty historyczne i ich wykorzystanie w interpretacji literatury okresu baroku\u201d.<\/p>\n\t\t\t\t\t\t\t\t<\/div>\n\t\t\t\t<\/div>\n\t\t\t\t\t<\/div>\n\t\t\t\t<\/div>\n\t\t\t\t<\/div>\n\t\t","protected":false},"excerpt":{"rendered":"<p>Ma\u0142gorzata Skotnicka Uko\u0144czy\u0142a Akademi\u0119 Muzyczn\u0105 w Krakowie w klasie klawesynu prof. El\u017cbiety Stefa\u0144skiej. Umiej\u0119tno\u015bci swoje doskonali\u0142a, uczestnicz\u0105c w kursach mistrzowskich prowadzonych przez takich pedagog\u00f3w jak Zuzanna Ru\u017ei\u010dkowa, Hugette Dreyfus oraz Jacque Ogg. W 1995 r. m. in. z jej inicjatywy powsta\u0142a w Zespole Szk\u00f3\u0142 Muzycznych w Gda\u0144sku-Wrzeszczu klasa klawesynu, kt\u00f3r\u0105 do dzisiaj prowadzi. Uczniowie jej s\u0105 laureatami konkurs\u00f3w oraz stypendi\u00f3w Ministra Kultury i Dziedzictwa Narodowego. By\u0142a r\u00f3wnie\u017c inicjatork\u0105 powo\u0142ania Og\u00f3lnopolskiego Konkursu Klawesynowego im. W. Landowskiej dla uczni\u00f3w szk\u00f3\u0142 muzycznych I i II stopnia. Jest te\u017c profesorem zwyczajnym Akademii Muzycznej im. Stanis\u0142awa Moniuszki w Gda\u0144sku, gdzie prowadzi klas\u0119 klawesynu oraz kameralistyki. Dwie kadencj\u0119 pe\u0142ni\u0142a funkcj\u0119 prodziekana Wydzia\u0142u Instrumentalnego AM w Gda\u0144sku. Od 2014 roku jest kierownikiem Podyplomowego Studium Muzyki Dawnej, kt\u00f3re tworzy\u0142a oraz zast\u0119pc\u0105 kierownika Katedry Organ\u00f3w, Klawesynu, Akordeonu, Gitary, Harfy i Instrument\u00f3w Historycznych. Bra\u0142a udzia\u0142 w pracach jury og\u00f3lnopolskich konkurs\u00f3w i przes\u0142ucha\u0144 klawesynowych. Prowadzi kursy mistrzowskie oraz konsultacje w szko\u0142ach muzycznych oraz akademiach muzycznych w ca\u0142ej Polsce. Koncertuje jako solistka oraz kameralistka w kraju i za granic\u0105. Bra\u0142a udzia\u0142 w licznych festiwalach. Wsp\u00f3\u0142pracowa\u0142a z wybitnymi artystami m. in. z W. Kuijkenem, B. Csologiem, R. Jab\u0142o\u0144skim. W latach 1996-2010 gra\u0142a w zespole kameralnym Pro Musica Antiqua, z kt\u00f3rym m. in. nagra\u0142a pi\u0119\u0107 p\u0142yt z muzyk\u0105 epoki baroku oraz polsk\u0105 muzyk\u0105 wsp\u00f3\u0142czesn\u0105 wydanych przez firm\u0119 DUX. W 2007 r. otrzyma\u0142a nagrod\u0119 przyznawan\u0105 przez Marsza\u0142ka Wojew\u00f3dztwa Warmi\u0144sko-Mazurskiego \u201eNajlepsi z Najlepszych\u201d. W 2003 r. zosta\u0142a odznaczona przez Ministra Kultury odznak\u0105 \u201eZas\u0142u\u017cony Dzia\u0142acz Kultury\u201d, w 2014 r. Br\u0105zowym Krzy\u017cem Zas\u0142ugi, w roku 2025 Medalem Komisji Edukacji Narodowej. Jest te\u017c stypendystk\u0105 Gda\u0144skiego Stypendium Kultury Fundusz Tw\u00f3rczy na projekt Cembali spezzati czyli dialoguj\u0105ce klawesyny. Ma na swoim koncie r\u00f3wnie\u017c liczne nagrody Rektora Akademii Muzycznej w Gda\u0144sku, Dyrektora ZSM w Gda\u0144sku-Wrzeszczu oraz Dyrektora CEA. Z jej inicjatywy w 2002 r. powsta\u0142o Polskie Stowarzyszenie Przyjaci\u00f3\u0142 Muzyki Dawnej, w kt\u00f3rym dwie kadencje pe\u0142ni\u0142a funkcj\u0119 prezesa. Jako cz\u0142onek zarz\u0105du by\u0142a wsp\u00f3\u0142organizatorem dwunastu edycji Festiwalu Muzyki Dawnej ANIMA MUSICA, podczas kt\u00f3rych mo\u017cna by\u0142o us\u0142ysze\u0107 wybitnych artyst\u00f3w specjalizuj\u0105cych si\u0119 w wykonawstwie muzyki dawnej z ca\u0142ej Europy. Od 2010 r. jest wiceprezesem Fundacji Silva Rerum oraz cz\u0142onkiem zespo\u0142u Silva Rerum arte, z kt\u00f3rym koncertuje w kraju i poza granicami (Niemcy, S\u0142owenia, Czechy, S\u0142owacja, Estonia). Z zespo\u0142em Silva Rerum arte nagra\u0142a p\u0142yt\u0119 Siedem ptak\u00f3w. Dokona\u0142a te\u017c pierwszej w Polsce rejestracji Sonat na flet i klawesyn obligato J. B. Boismortier op. 91 z flecistk\u0105 Maj\u0105 Miro Wi\u015bniewsk\u0105. Jest koordynatorem sesji naukowo-artystycznej \u201eSztuka europejskiego baroku\u201d, koordynatorem sesji C. P. E. Bach \u2013 w 300. rocznic\u0119 urodzin (ukoronowaniem sesji by\u0142o wydanie przez firm\u0119 DUX p\u0142yty z symfoniami C. P. E. Bacha, J. Haydna i L. van Beethovena zrealizowane przez Orkiestr\u0119 Kameraln\u0105 AM w Gda\u0144sku pod batut\u0105 S. Kuijkena), cyklu spotka\u0144 zatytu\u0142owanych \u201eSpotkanie z mistrzem\u201d oraz cyklu \u201eTraktaty historyczne i ich wykorzystanie w interpretacji literatury okresu baroku\u201d.<\/p>\n","protected":false},"author":1,"featured_media":0,"parent":0,"menu_order":0,"comment_status":"closed","ping_status":"closed","template":"","meta":{"footnotes":""},"class_list":["post-10","page","type-page","status-publish","hentry"],"_links":{"self":[{"href":"https:\/\/malgorzata-skotnicka.sialala.la\/index.php\/wp-json\/wp\/v2\/pages\/10","targetHints":{"allow":["GET"]}}],"collection":[{"href":"https:\/\/malgorzata-skotnicka.sialala.la\/index.php\/wp-json\/wp\/v2\/pages"}],"about":[{"href":"https:\/\/malgorzata-skotnicka.sialala.la\/index.php\/wp-json\/wp\/v2\/types\/page"}],"author":[{"embeddable":true,"href":"https:\/\/malgorzata-skotnicka.sialala.la\/index.php\/wp-json\/wp\/v2\/users\/1"}],"replies":[{"embeddable":true,"href":"https:\/\/malgorzata-skotnicka.sialala.la\/index.php\/wp-json\/wp\/v2\/comments?post=10"}],"version-history":[{"count":8,"href":"https:\/\/malgorzata-skotnicka.sialala.la\/index.php\/wp-json\/wp\/v2\/pages\/10\/revisions"}],"predecessor-version":[{"id":92,"href":"https:\/\/malgorzata-skotnicka.sialala.la\/index.php\/wp-json\/wp\/v2\/pages\/10\/revisions\/92"}],"wp:attachment":[{"href":"https:\/\/malgorzata-skotnicka.sialala.la\/index.php\/wp-json\/wp\/v2\/media?parent=10"}],"curies":[{"name":"wp","href":"https:\/\/api.w.org\/{rel}","templated":true}]}}